{"id":60,"date":"2024-03-18T14:33:15","date_gmt":"2024-03-18T13:33:15","guid":{"rendered":"https:\/\/alarmehome.fr\/?page_id=60"},"modified":"2024-03-18T14:34:43","modified_gmt":"2024-03-18T13:34:43","slug":"cgu","status":"publish","type":"page","link":"https:\/\/alarmehome.fr\/index.php\/cgu\/","title":{"rendered":"CGU"},"content":{"rendered":"\t\t<div data-elementor-type=\"wp-page\" data-elementor-id=\"60\" class=\"elementor elementor-60\" data-elementor-post-type=\"page\">\n\t\t\t\t<div class=\"elementor-element elementor-element-cc374cd e-flex e-con-boxed e-con e-parent\" data-id=\"cc374cd\" data-element_type=\"container\" data-core-v316-plus=\"true\">\n\t\t\t\t\t<div class=\"e-con-inner\">\n\t\t\t\t<div class=\"elementor-element elementor-element-6d58155 elementor-widget elementor-widget-heading\" data-id=\"6d58155\" data-element_type=\"widget\" data-widget_type=\"heading.default\">\n\t\t\t\t<div class=\"elementor-widget-container\">\n\t\t\t<style>\/*! elementor - v3.20.0 - 11-03-2024 *\/\n.elementor-heading-title{padding:0;margin:0;line-height:1}.elementor-widget-heading .elementor-heading-title[class*=elementor-size-]>a{color:inherit;font-size:inherit;line-height:inherit}.elementor-widget-heading .elementor-heading-title.elementor-size-small{font-size:15px}.elementor-widget-heading .elementor-heading-title.elementor-size-medium{font-size:19px}.elementor-widget-heading .elementor-heading-title.elementor-size-large{font-size:29px}.elementor-widget-heading .elementor-heading-title.elementor-size-xl{font-size:39px}.elementor-widget-heading .elementor-heading-title.elementor-size-xxl{font-size:59px}<\/style><h2 class=\"elementor-heading-title elementor-size-default\">Conditions g\u00e9n\u00e9rales d\u2019utilisation\n<\/h2>\t\t<\/div>\n\t\t\t\t<\/div>\n\t\t\t\t\t<\/div>\n\t\t\t\t<\/div>\n\t\t<div class=\"elementor-element elementor-element-f611c78 e-flex e-con-boxed e-con e-parent\" data-id=\"f611c78\" data-element_type=\"container\" data-core-v316-plus=\"true\">\n\t\t\t\t\t<div class=\"e-con-inner\">\n\t\t\t\t<div class=\"elementor-element elementor-element-37bf370 elementor-widget elementor-widget-text-editor\" data-id=\"37bf370\" data-element_type=\"widget\" data-widget_type=\"text-editor.default\">\n\t\t\t\t<div class=\"elementor-widget-container\">\n\t\t\t<style>\/*! elementor - v3.20.0 - 11-03-2024 *\/\n.elementor-widget-text-editor.elementor-drop-cap-view-stacked .elementor-drop-cap{background-color:#69727d;color:#fff}.elementor-widget-text-editor.elementor-drop-cap-view-framed .elementor-drop-cap{color:#69727d;border:3px solid;background-color:transparent}.elementor-widget-text-editor:not(.elementor-drop-cap-view-default) .elementor-drop-cap{margin-top:8px}.elementor-widget-text-editor:not(.elementor-drop-cap-view-default) .elementor-drop-cap-letter{width:1em;height:1em}.elementor-widget-text-editor .elementor-drop-cap{float:left;text-align:center;line-height:1;font-size:50px}.elementor-widget-text-editor .elementor-drop-cap-letter{display:inline-block}<\/style>\t\t\t\t<h2><b>Article 1 : Objet<\/b><\/h2><p><span style=\"font-weight: 400;\">Les pr\u00e9sentes CGU ou Conditions G\u00e9n\u00e9rales d\u2019Utilisation encadrent juridiquement l\u2019utilisation des services du site alarmehome\u00a0 (ci-apr\u00e8s d\u00e9nomm\u00e9 alarmehome.fr ).<\/span><\/p><p><span style=\"font-weight: 400;\">Constituant le contrat entre la soci\u00e9t\u00e9 AkaMedias, l\u2019Utilisateur, l\u2019acc\u00e8s au site doit \u00eatre pr\u00e9c\u00e9d\u00e9 de l\u2019acceptation de ces CGU. L\u2019acc\u00e8s \u00e0 cette plateforme signifie l\u2019acceptation des pr\u00e9sentes CGU.<\/span><\/p><h2><b>Article 2 : Mentions l\u00e9gales<\/b><\/h2><p><span style=\"font-weight: 400;\">L\u2019\u00e9dition du site alarmehome est assur\u00e9e par la soci\u00e9t\u00e9 AkaMedias inscrite au RCS sous le num\u00e9ro 891 384 810, dont le si\u00e8ge social est localis\u00e9 au 29 RUE CARTIER BRESSON 93500 PANTIN.<\/span><\/p><p><span style=\"font-weight: 400;\">L\u2019h\u00e9bergeur du site alarmehome.fr est la soci\u00e9t\u00e9 Hostinger, sise au 61 Lordou Vironos Street 17. Lumiel Building, 4th floor 18. Larnaca, CY 6023, Cyprus.<\/span><\/p><h2><b>Article 3 : Acc\u00e8s au site<\/b><\/h2><p><span style=\"font-weight: 400;\">Le site alarmehome permet d\u2019acc\u00e9der gratuitement aux service suivant :<\/span><\/p><p><span style=\"font-weight: 400;\">Le site est accessible gratuitement depuis n\u2019importe o\u00f9 par tout utilisateur disposant d\u2019un acc\u00e8s \u00e0 Internet. Tous les frais n\u00e9cessaires pour l\u2019acc\u00e8s aux services (mat\u00e9riel informatique, connexion Internet\u2026) sont \u00e0 la charge de l\u2019utilisateur.<\/span><\/p><p><span style=\"font-weight: 400;\">Pour des raisons de maintenance ou autres, l\u2019acc\u00e8s au site peut \u00eatre interrompu ou suspendu par l\u2019\u00e9diteur sans pr\u00e9avis ni justification.<\/span><\/p><h2><b>Article 4 : Collecte des donn\u00e9es<\/b><\/h2><p><span style=\"font-weight: 400;\">Pour le remplissage du formulaire, la collecte des informations au moment du remplissage sur le site est n\u00e9cessaire et obligatoire. Conform\u00e9ment \u00e0 la loi n\u00b078-17 du 6 janvier relative \u00e0 l\u2019informatique, aux fichiers et aux libert\u00e9s, la collecte et le traitement d\u2019informations personnelles s\u2019effectuent dans le respect de la vie priv\u00e9e.<\/span><\/p><p><span style=\"font-weight: 400;\">Suivant la loi Informatique et Libert\u00e9s en date du 6 janvier 1978, articles 39 et 40, l\u2019Utilisateur dispose du droit d\u2019acc\u00e9der, de rectifier, de supprimer et d\u2019opposer ses donn\u00e9es personnelles.<\/span><\/p><h2><b>Article 5 : Propri\u00e9t\u00e9 intellectuelle<\/b><\/h2><p><span style=\"font-weight: 400;\">Les marques, logos ainsi que les contenus du site alarmehome.fr (illustrations graphiques, textes\u2026) sont prot\u00e9g\u00e9s par le Code de la propri\u00e9t\u00e9 intellectuelle et par le droit d\u2019auteur.<\/span><\/p><p><span style=\"font-weight: 400;\">La reproduction et la copie des contenus par l\u2019Utilisateur requi\u00e8rent une autorisation pr\u00e9alable du site. Dans ce cas, toute utilisation \u00e0 des usages commerciaux ou \u00e0 des fins publicitaires est proscrite.<\/span><\/p><h2><b>Article 6 : Responsabilit\u00e9<\/b><\/h2><p><span style=\"font-weight: 400;\">Bien que les informations publi\u00e9es sur le site soient r\u00e9put\u00e9es fiables, le site se r\u00e9serve la facult\u00e9 d\u2019une non-garantie de la fiabilit\u00e9 des sources.<\/span><\/p><p><span style=\"font-weight: 400;\">Les informations diffus\u00e9es sur le site alarmehome sont pr\u00e9sent\u00e9es \u00e0 titre purement informatif et sont sans valeur contractuelle. En d\u00e9pit des mises \u00e0 jour r\u00e9guli\u00e8res, la responsabilit\u00e9 du site ne peut \u00eatre engag\u00e9e en cas de modification des dispositions administratives et juridiques apparaissant apr\u00e8s la publication. Il en est de m\u00eame pour l\u2019utilisation et l\u2019interpr\u00e9tation des informations communiqu\u00e9es sur la plateforme.<\/span><\/p><p><span style=\"font-weight: 400;\">Le site d\u00e9cline toute responsabilit\u00e9 concernant les \u00e9ventuels virus pouvant infecter le mat\u00e9riel informatique de l\u2019Utilisateur apr\u00e8s l\u2019utilisation ou l\u2019acc\u00e8s \u00e0 ce site.<\/span><\/p><p><span style=\"font-weight: 400;\">Le site ne peut \u00eatre tenu pour responsable en cas de force majeure ou du fait impr\u00e9visible et insurmontable d\u2019un tiers.<\/span><\/p><p><span style=\"font-weight: 400;\">La garantie totale de la s\u00e9curit\u00e9 et la confidentialit\u00e9 des donn\u00e9es n\u2019est pas assur\u00e9e par le site. Cependant, le site s\u2019engage \u00e0 mettre en \u0153uvre toutes les m\u00e9thodes requises pour le faire au mieux.<\/span><\/p><h2><b>Article 7 : Liens hypertextes<\/b><\/h2><p><span style=\"font-weight: 400;\">Le site peut \u00eatre constitu\u00e9 de liens hypertextes. En cliquant sur ces derniers, l\u2019Utilisateur sortira de la plateforme. Cette derni\u00e8re n\u2019a pas de contr\u00f4le et ne peut pas \u00eatre tenue responsable du contenu des pages web relatives \u00e0 ces liens.<\/span><\/p><h2><b>Article 8 : Cookies<\/b><\/h2><p><span style=\"font-weight: 400;\">Lors des visites sur le site, l\u2019installation automatique d\u2019un cookie sur le logiciel de navigation de l\u2019Utilisateur peut survenir.<\/span><\/p><p><span style=\"font-weight: 400;\">Les cookies correspondent \u00e0 de petits fichiers d\u00e9pos\u00e9s temporairement sur le disque dur de l\u2019ordinateur de l\u2019Utilisateur. Ces cookies sont n\u00e9cessaires pour assurer l\u2019accessibilit\u00e9 et la navigation sur le site. Ces fichiers ne comportent pas d\u2019informations personnelles et ne peuvent pas \u00eatre utilis\u00e9s pour l\u2019identification d\u2019une personne.<\/span><\/p><p><span style=\"font-weight: 400;\">L\u2019information pr\u00e9sente dans les cookies est utilis\u00e9e pour am\u00e9liorer les performances de navigation sur le site alarmehome.fr<\/span><\/p><p><span style=\"font-weight: 400;\">En naviguant sur le site, l\u2019Utilisateur accepte les cookies. Leur d\u00e9sactivation peut s\u2019effectuer via les param\u00e8tres du logiciel de navigation.<\/span><\/p><h2><b>Article 9 : Dur\u00e9e du contrat<\/b><\/h2><p><span style=\"font-weight: 400;\">Le pr\u00e9sent contrat est valable pour une dur\u00e9e ind\u00e9termin\u00e9e. Le d\u00e9but de l\u2019utilisation des services du site marque l\u2019application du contrat \u00e0 l\u2019\u00e9gard de l\u2019Utilisateur.<\/span><\/p><h2><b>Article 10 : Droit applicable et juridiction comp\u00e9tente<\/b><\/h2><p><span style=\"font-weight: 400;\">Le pr\u00e9sent contrat est soumis \u00e0 la l\u00e9gislation fran\u00e7aise. L\u2019absence de r\u00e9solution \u00e0 l\u2019amiable des cas de litige entre les parties implique le recours aux tribunaux fran\u00e7ais comp\u00e9tents pour r\u00e9gler le contentieux.<\/span><\/p><p><br \/><br \/><\/p>\t\t\t\t\t\t<\/div>\n\t\t\t\t<\/div>\n\t\t\t\t\t<\/div>\n\t\t\t\t<\/div>\n\t\t\t\t<\/div>\n\t\t","protected":false},"excerpt":{"rendered":"<p>Conditions g\u00e9n\u00e9rales d\u2019utilisation Article 1 : Objet Les pr\u00e9sentes CGU ou Conditions G\u00e9n\u00e9rales d\u2019Utilisation encadrent juridiquement l\u2019utilisation des services du site alarmehome\u00a0 (ci-apr\u00e8s d\u00e9nomm\u00e9 alarmehome.fr ). Constituant le contrat entre la soci\u00e9t\u00e9 AkaMedias, l\u2019Utilisateur, l\u2019acc\u00e8s au site doit \u00eatre pr\u00e9c\u00e9d\u00e9 de l\u2019acceptation de ces CGU. L\u2019acc\u00e8s \u00e0 cette plateforme signifie l\u2019acceptation des pr\u00e9sentes CGU. Article [&hellip;]<\/p>\n","protected":false},"author":1,"featured_media":0,"parent":0,"menu_order":0,"comment_status":"closed","ping_status":"closed","template":"elementor_canvas","meta":{"footnotes":""},"_links":{"self":[{"href":"https:\/\/alarmehome.fr\/index.php\/wp-json\/wp\/v2\/pages\/60"}],"collection":[{"href":"https:\/\/alarmehome.fr\/index.php\/wp-json\/wp\/v2\/pages"}],"about":[{"href":"https:\/\/alarmehome.fr\/index.php\/wp-json\/wp\/v2\/types\/page"}],"author":[{"embeddable":true,"href":"https:\/\/alarmehome.fr\/index.php\/wp-json\/wp\/v2\/users\/1"}],"replies":[{"embeddable":true,"href":"https:\/\/alarmehome.fr\/index.php\/wp-json\/wp\/v2\/comments?post=60"}],"version-history":[{"count":7,"href":"https:\/\/alarmehome.fr\/index.php\/wp-json\/wp\/v2\/pages\/60\/revisions"}],"predecessor-version":[{"id":68,"href":"https:\/\/alarmehome.fr\/index.php\/wp-json\/wp\/v2\/pages\/60\/revisions\/68"}],"wp:attachment":[{"href":"https:\/\/alarmehome.fr\/index.php\/wp-json\/wp\/v2\/media?parent=60"}],"curies":[{"name":"wp","href":"https:\/\/api.w.org\/{rel}","templated":true}]}}