{"id":54,"date":"2024-03-18T14:30:52","date_gmt":"2024-03-18T13:30:52","guid":{"rendered":"https:\/\/alarmehome.fr\/?page_id=54"},"modified":"2024-03-18T14:32:28","modified_gmt":"2024-03-18T13:32:28","slug":"mentions-legales","status":"publish","type":"page","link":"https:\/\/alarmehome.fr\/index.php\/mentions-legales\/","title":{"rendered":"Mentions L\u00e9gales"},"content":{"rendered":"\t\t<div data-elementor-type=\"wp-page\" data-elementor-id=\"54\" class=\"elementor elementor-54\" data-elementor-post-type=\"page\">\n\t\t\t\t<div class=\"elementor-element elementor-element-d6bb2b3 e-flex e-con-boxed e-con e-parent\" data-id=\"d6bb2b3\" data-element_type=\"container\" data-core-v316-plus=\"true\">\n\t\t\t\t\t<div class=\"e-con-inner\">\n\t\t\t\t<div class=\"elementor-element elementor-element-d9d7cbb elementor-widget elementor-widget-heading\" data-id=\"d9d7cbb\" data-element_type=\"widget\" data-widget_type=\"heading.default\">\n\t\t\t\t<div class=\"elementor-widget-container\">\n\t\t\t<style>\/*! elementor - v3.20.0 - 11-03-2024 *\/\n.elementor-heading-title{padding:0;margin:0;line-height:1}.elementor-widget-heading .elementor-heading-title[class*=elementor-size-]>a{color:inherit;font-size:inherit;line-height:inherit}.elementor-widget-heading .elementor-heading-title.elementor-size-small{font-size:15px}.elementor-widget-heading .elementor-heading-title.elementor-size-medium{font-size:19px}.elementor-widget-heading .elementor-heading-title.elementor-size-large{font-size:29px}.elementor-widget-heading .elementor-heading-title.elementor-size-xl{font-size:39px}.elementor-widget-heading .elementor-heading-title.elementor-size-xxl{font-size:59px}<\/style><h2 class=\"elementor-heading-title elementor-size-default\">Mentions L\u00e9gales<\/h2>\t\t<\/div>\n\t\t\t\t<\/div>\n\t\t\t\t\t<\/div>\n\t\t\t\t<\/div>\n\t\t<div class=\"elementor-element elementor-element-05f1cf1 e-flex e-con-boxed e-con e-parent\" data-id=\"05f1cf1\" data-element_type=\"container\" data-core-v316-plus=\"true\">\n\t\t\t\t\t<div class=\"e-con-inner\">\n\t\t\t\t<div class=\"elementor-element elementor-element-6318646 elementor-widget elementor-widget-text-editor\" data-id=\"6318646\" data-element_type=\"widget\" data-widget_type=\"text-editor.default\">\n\t\t\t\t<div class=\"elementor-widget-container\">\n\t\t\t<style>\/*! elementor - v3.20.0 - 11-03-2024 *\/\n.elementor-widget-text-editor.elementor-drop-cap-view-stacked .elementor-drop-cap{background-color:#69727d;color:#fff}.elementor-widget-text-editor.elementor-drop-cap-view-framed .elementor-drop-cap{color:#69727d;border:3px solid;background-color:transparent}.elementor-widget-text-editor:not(.elementor-drop-cap-view-default) .elementor-drop-cap{margin-top:8px}.elementor-widget-text-editor:not(.elementor-drop-cap-view-default) .elementor-drop-cap-letter{width:1em;height:1em}.elementor-widget-text-editor .elementor-drop-cap{float:left;text-align:center;line-height:1;font-size:50px}.elementor-widget-text-editor .elementor-drop-cap-letter{display:inline-block}<\/style>\t\t\t\t<p><span style=\"font-weight: 400;\">Conform\u00e9ment aux dispositions de la loi n\u00b0 2004-575 du 21 juin 2004 pour la confiance en l\u2019\u00e9conomie num\u00e9rique, il est pr\u00e9cis\u00e9 aux utilisateurs du site alarmehome l\u2019identit\u00e9 des diff\u00e9rents intervenants dans le cadre de sa r\u00e9alisation et de son suivi.<\/span><\/p><p>\u00a0<\/p><p><b>Propri\u00e9t\u00e9<\/b><\/p><p>\u00a0<\/p><p><span style=\"font-weight: 400;\">Le pr\u00e9sent site, accessible \u00e0 l\u2019URL alarmehome.fr, est \u00e9dit\u00e9 par la soci\u00e9t\u00e9 AKA MEDIAS, situ\u00e9 au 29 RUE CARTIER BRESSON 93500 PANTIN, inscrite au R.C.S. de BOBIGNY sous le num\u00e9ro Bobigny B 891 384 810, le num\u00e9ro individuel TVA de l\u2019\u00e9diteur est : FR48891384810.<\/span><\/p><p>\u00a0<\/p><p><b>D\u00e9nomination sociale :<\/b><span style=\"font-weight: 400;\"> Aka Medias<\/span><\/p><p>\u00a0<\/p><p><b>Statut de la soci\u00e9t\u00e9 :<\/b><span style=\"font-weight: 400;\"> Soci\u00e9t\u00e9 par actions simplifi\u00e9e unipersonnelle (SASU)<\/span><\/p><p>\u00a0<\/p><p><b>Capital social :<\/b><span style=\"font-weight: 400;\"> 1000 euros<\/span><\/p><p>\u00a0<\/p><p><b>Adresse \u00e9lectronique :<\/b><span style=\"font-weight: 400;\"> dpo@akamedias.fr<\/span><\/p><p><br \/><br \/><\/p><p><b>H\u00e9bergement<\/b><\/p><p><span style=\"font-weight: 400;\">Hostinger<\/span><\/p><p><span style=\"font-weight: 400;\">61 Lordou Vironos Street 17<\/span><\/p><p><span style=\"font-weight: 400;\">Lumiel Building, 4th floor 18. Larnaca, CY 6023, Cyprus<\/span><\/p><p><span style=\"font-weight: 400;\">https:\/\/www.hostinger.fr\/contact<\/span><\/p><p>\u00a0<\/p><p><b>Donn\u00e9es personnelles<\/b><\/p><p><span style=\"font-weight: 400;\">Conform\u00e9ment aux dispositions l\u00e9gales et r\u00e9glementaires applicables en mati\u00e8re de donn\u00e9es personnelles, vous disposez d\u2019un droit \u00e0 la limitation du traitement de vos donn\u00e9es, d\u2019un droit d\u2019opposition, d\u2019acc\u00e8s, de portabilit\u00e9, de rectification et de suppression de vos donn\u00e9es. Pour conna\u00eetre et exercer vos droits, veuillez consulter notre politique de confidentialit\u00e9.<\/span><\/p><p>\u00a0<\/p><p><b>Propri\u00e9t\u00e9 intellectuelle<\/b><\/p><p><span style=\"font-weight: 400;\">La structure g\u00e9n\u00e9rale du site, ainsi que les textes, graphiques, images, sons et vid\u00e9os la composant, sont la propri\u00e9t\u00e9 de la soci\u00e9t\u00e9 Aka Medias. Toute repr\u00e9sentation et\/ou reproduction et\/ou exploitation partielle ou totale de ce site, par quelque proc\u00e9d\u00e9 que ce soit, sans l\u2019autorisation pr\u00e9alable et par \u00e9crit de la soci\u00e9t\u00e9 Aka Medias est strictement interdite et serait susceptible de constituer une contrefa\u00e7on au sens des articles L 335-2 et suivants du Code de la propri\u00e9t\u00e9 intellectuelle. Il en est de m\u00eame des bases de donn\u00e9es figurant sur ce site internet, qui sont prot\u00e9g\u00e9es par les dispositions de la loi du 1er juillet 1998 portant transposition dans le Code de la propri\u00e9t\u00e9 intellectuelle de la directive europ\u00e9enne du 11 mars 1996 relative \u00e0 la protection juridique des bases de donn\u00e9es, et dont la soci\u00e9t\u00e9 Aka Medias est producteur. Aka Medias est \u00e9galement titulaire des droits sur les marques, logos ainsi que sur la charte graphique et les visuels valoris\u00e9s. Toute reproduction totale ou partielle du logo, de la charte graphique et autres visuels sans le consentement de Aka Medias constitue une contrefa\u00e7on p\u00e9nalement sanctionn\u00e9e.<\/span><\/p><p>\u00a0<\/p><p><b>Contact<\/b><\/p><p><span style=\"font-weight: 400;\">Pour toute demande d\u2019information ou signalement quant au contenu du site, nous vous invitons \u00e0 nous contacter par courrier postal \u00e0 : Aka Medias \u2013 situ\u00e9 au 29 RUE CARTIER BRESSON 93500 PANTIN.<\/span><\/p><p><br \/><br \/><\/p>\t\t\t\t\t\t<\/div>\n\t\t\t\t<\/div>\n\t\t\t\t\t<\/div>\n\t\t\t\t<\/div>\n\t\t\t\t<\/div>\n\t\t","protected":false},"excerpt":{"rendered":"<p>Mentions L\u00e9gales Conform\u00e9ment aux dispositions de la loi n\u00b0 2004-575 du 21 juin 2004 pour la confiance en l\u2019\u00e9conomie num\u00e9rique, il est pr\u00e9cis\u00e9 aux utilisateurs du site alarmehome l\u2019identit\u00e9 des diff\u00e9rents intervenants dans le cadre de sa r\u00e9alisation et de son suivi. \u00a0 Propri\u00e9t\u00e9 \u00a0 Le pr\u00e9sent site, accessible \u00e0 l\u2019URL alarmehome.fr, est \u00e9dit\u00e9 par [&hellip;]<\/p>\n","protected":false},"author":1,"featured_media":0,"parent":0,"menu_order":0,"comment_status":"closed","ping_status":"closed","template":"elementor_canvas","meta":{"footnotes":""},"_links":{"self":[{"href":"https:\/\/alarmehome.fr\/index.php\/wp-json\/wp\/v2\/pages\/54"}],"collection":[{"href":"https:\/\/alarmehome.fr\/index.php\/wp-json\/wp\/v2\/pages"}],"about":[{"href":"https:\/\/alarmehome.fr\/index.php\/wp-json\/wp\/v2\/types\/page"}],"author":[{"embeddable":true,"href":"https:\/\/alarmehome.fr\/index.php\/wp-json\/wp\/v2\/users\/1"}],"replies":[{"embeddable":true,"href":"https:\/\/alarmehome.fr\/index.php\/wp-json\/wp\/v2\/comments?post=54"}],"version-history":[{"count":4,"href":"https:\/\/alarmehome.fr\/index.php\/wp-json\/wp\/v2\/pages\/54\/revisions"}],"predecessor-version":[{"id":59,"href":"https:\/\/alarmehome.fr\/index.php\/wp-json\/wp\/v2\/pages\/54\/revisions\/59"}],"wp:attachment":[{"href":"https:\/\/alarmehome.fr\/index.php\/wp-json\/wp\/v2\/media?parent=54"}],"curies":[{"name":"wp","href":"https:\/\/api.w.org\/{rel}","templated":true}]}}