{"id":3,"date":"2024-03-13T11:42:09","date_gmt":"2024-03-13T10:42:09","guid":{"rendered":"https:\/\/alarmehome.fr\/?page_id=3"},"modified":"2024-03-18T14:29:17","modified_gmt":"2024-03-18T13:29:17","slug":"politique-de-confidentialite","status":"publish","type":"page","link":"https:\/\/alarmehome.fr\/index.php\/politique-de-confidentialite\/","title":{"rendered":"Politique de confidentialit\u00e9"},"content":{"rendered":"\t\t<div data-elementor-type=\"wp-page\" data-elementor-id=\"3\" class=\"elementor elementor-3\" data-elementor-post-type=\"page\">\n\t\t\t\t<div class=\"elementor-element elementor-element-185d051 e-flex e-con-boxed e-con e-parent\" data-id=\"185d051\" data-element_type=\"container\" data-core-v316-plus=\"true\">\n\t\t\t\t\t<div class=\"e-con-inner\">\n\t\t\t\t<div class=\"elementor-element elementor-element-aaeb195 elementor-widget elementor-widget-heading\" data-id=\"aaeb195\" data-element_type=\"widget\" data-widget_type=\"heading.default\">\n\t\t\t\t<div class=\"elementor-widget-container\">\n\t\t\t<style>\/*! elementor - v3.20.0 - 11-03-2024 *\/\n.elementor-heading-title{padding:0;margin:0;line-height:1}.elementor-widget-heading .elementor-heading-title[class*=elementor-size-]>a{color:inherit;font-size:inherit;line-height:inherit}.elementor-widget-heading .elementor-heading-title.elementor-size-small{font-size:15px}.elementor-widget-heading .elementor-heading-title.elementor-size-medium{font-size:19px}.elementor-widget-heading .elementor-heading-title.elementor-size-large{font-size:29px}.elementor-widget-heading .elementor-heading-title.elementor-size-xl{font-size:39px}.elementor-widget-heading .elementor-heading-title.elementor-size-xxl{font-size:59px}<\/style><h2 class=\"elementor-heading-title elementor-size-default\">Politique de confidentialit\u00e9<\/h2>\t\t<\/div>\n\t\t\t\t<\/div>\n\t\t\t\t\t<\/div>\n\t\t\t\t<\/div>\n\t\t<div class=\"elementor-element elementor-element-ead4c54 e-flex e-con-boxed e-con e-parent\" data-id=\"ead4c54\" data-element_type=\"container\" data-core-v316-plus=\"true\">\n\t\t\t\t\t<div class=\"e-con-inner\">\n\t\t\t\t<div class=\"elementor-element elementor-element-3095fe5 elementor-widget elementor-widget-text-editor\" data-id=\"3095fe5\" data-element_type=\"widget\" data-widget_type=\"text-editor.default\">\n\t\t\t\t<div class=\"elementor-widget-container\">\n\t\t\t<style>\/*! elementor - v3.20.0 - 11-03-2024 *\/\n.elementor-widget-text-editor.elementor-drop-cap-view-stacked .elementor-drop-cap{background-color:#69727d;color:#fff}.elementor-widget-text-editor.elementor-drop-cap-view-framed .elementor-drop-cap{color:#69727d;border:3px solid;background-color:transparent}.elementor-widget-text-editor:not(.elementor-drop-cap-view-default) .elementor-drop-cap{margin-top:8px}.elementor-widget-text-editor:not(.elementor-drop-cap-view-default) .elementor-drop-cap-letter{width:1em;height:1em}.elementor-widget-text-editor .elementor-drop-cap{float:left;text-align:center;line-height:1;font-size:50px}.elementor-widget-text-editor .elementor-drop-cap-letter{display:inline-block}<\/style>\t\t\t\t<p><span style=\"font-weight: 400;\">Le site alarmehome.fr est la propri\u00e9t\u00e9 intellectuelle de la soci\u00e9t\u00e9 Aka Medias.<\/span><\/p>\n<p>\u00a0<\/p>\n<p><span style=\"font-weight: 400;\">La soci\u00e9t\u00e9 Aka Medias accorde une grande importance \u00e0 la confidentialit\u00e9 et \u00e0 la protection des donn\u00e9es. Dans le cadre de formulaire de devis personnalis\u00e9 la soci\u00e9t\u00e9 Aka Medias recueille des donn\u00e9es \u00e0 caract\u00e8re personnel vous concernant dans un esprit de loyaut\u00e9 et de transparence conform\u00e9ment \u00e0 la Loi Informatique &amp; Libert\u00e9s du 6 janvier 1978 modifi\u00e9e en 2004, la Loi pour la Confiance dans l\u2019\u00c9conomie Num\u00e9rique (\u00ab LCEN \u00bb) du 21 juin 2004 et le R\u00e8glement G\u00e9n\u00e9ral sur la Protection des donn\u00e9es (\u00ab RGPD \u00bb) 2016\/679 du 27 avril 2016.<\/span><\/p>\n<p>\u00a0<\/p>\n<p><span style=\"font-weight: 400;\">La pr\u00e9sente Politique de confidentialit\u00e9 a pour objet de d\u00e9crire les types d\u2019informations personnelles que nous recueillons, l\u2019utilisation qui en est faite et comment la protection de ces donn\u00e9es ainsi que vos droits sont assur\u00e9s.<\/span><\/p>\n<p>\u00a0<\/p>\n<p><span style=\"font-weight: 400;\">En validant votre formulaire, vous d\u00e9clarez avoir compris et accept\u00e9 les pratiques d\u00e9crites dans la pr\u00e9sente Politique de confidentialit\u00e9.<\/span><\/p>\n<p>\u00a0<\/p>\n<ol>\n<li><b> Identit\u00e9 et coordonn\u00e9es du responsable de traitement<\/b><\/li>\n<\/ol>\n<p>\u00a0<\/p>\n<p><span style=\"font-weight: 400;\">Les donn\u00e9es \u00e0 caract\u00e8re personnel recueillies font l\u2019objet d\u2019un traitement informatique dont le responsable est la soci\u00e9t\u00e9 Aka Medias,SASU au capital de 1000 euros, dont le si\u00e8ge social est situ\u00e9 au 29 RUE CARTIER BRESSON 93500 PANTIN,\u00a0 inscrite au R.C.S. de BOBIGNY sous le num\u00e9ro Bobigny B 891 384 810, le num\u00e9ro individuel TVA de l\u2019\u00e9diteur est : FR48891384810.<\/span><\/p>\n<p>\u00a0<\/p>\n<p><span style=\"font-weight: 400;\">Si vous acceptez de transmettre vos donn\u00e9es \u00e0 caract\u00e8re personnel pour recevoir des offres de la part des partenaires identifi\u00e9s sur la page au moment de la collecte, les responsables de traitement sont chacun des partenaires indiqu\u00e9s au moment de l\u2019action.<\/span><\/p>\n<p>\u00a0<\/p>\n<p><span style=\"font-weight: 400;\">En tout \u00e9tat de cause, Aka Medias ne saurait \u00eatre responsable du traitement effectu\u00e9 par ces partenaires. Pour cela, nous vous invitons \u00e0 prendre connaissance de leurs politiques de confidentialit\u00e9 respective.<\/span><\/p>\n<p>\u00a0<\/p>\n<ol start=\"2\">\n<li><b> Donn\u00e9es personnelles collect\u00e9es<\/b><\/li>\n<\/ol>\n<p>\u00a0<\/p>\n<p><span style=\"font-weight: 400;\">La notion de donn\u00e9es personnelles d\u00e9signe toute information relative \u00e0 une personne physique identifi\u00e9e ou identifiable.<\/span><\/p>\n<p>\u00a0<\/p>\n<p><span style=\"font-weight: 400;\">Dans le cadre de votre inscription, vous nous communiquez volontairement des donn\u00e9es vous concernant qui peuvent \u00eatre recueillies par nos soins dans les conditions suivantes :<\/span><\/p>\n<p>\u00a0<\/p>\n<p><span style=\"font-weight: 400;\">En compl\u00e9tant les champs du formulaire du devis : les donn\u00e9es personnelles relatives \u00e0 votre identit\u00e9 telles que civilit\u00e9, nom, pr\u00e9nom, date de naissance, adresse postale, adresse E-mail, num\u00e9ro de t\u00e9l\u00e9phone (fixe et\/ou mobile), identifiant utilisateur sur les r\u00e9seaux sociaux; et toute autre donn\u00e9e qui pourrait figurer sur le formulaire d\u2019inscription, dans le respect des principes de pertinence et de proportionnalit\u00e9.<\/span><\/p>\n<p><span style=\"font-weight: 400;\">En r\u00e9pondant \u00e0 d\u2019\u00e9ventuelles questions qualifiantes au sujet de vos pr\u00e9f\u00e9rences, de vos centres d\u2019int\u00e9r\u00eat, de votre comportement d\u2019utilisateur : les donn\u00e9es relatives \u00e0 votre situation familiale et vos habitudes de consommation telles que vie maritale, nombre de personne composant le foyer, nombre et \u00e2ge du ou des enfant(s) au foyer, groupe socio-professionnel, situation propri\u00e9taire\/locataire,\u2026<\/span><\/p>\n<p><span style=\"font-weight: 400;\">Tous les champs du formulaire sont obligatoires afin de pouvoir avoir un devis personnalis\u00e9.<\/span><\/p>\n<p>\u00a0<\/p>\n<p><span style=\"font-weight: 400;\">En naviguant sur notre Site : les donn\u00e9es de navigation telles que l\u2019adresse IP et les indications en mati\u00e8re de communication qui sont mises \u00e0 disposition du fait de l\u2019utilisation de votre ordinateur sont collect\u00e9es automatiquement. Ces donn\u00e9es sont uniquement utilis\u00e9es pour les finalit\u00e9s relatives au r\u00e8glement des litiges. En outre, des donn\u00e9es statistiques peuvent \u00eatre recueillies lors de votre visite et \u00eatre utilis\u00e9es.<\/span><\/p>\n<p><span style=\"font-weight: 400;\">Dans le cas d\u2019un sondage en ligne, toutes vos r\u00e9ponses sont maintenues strictement confidentielles et aucun lien n\u2019est fait entre vos r\u00e9ponses au sondage et vos donn\u00e9es personnelles.<\/span><\/p>\n<p>\u00a0<\/p>\n<ol start=\"3\">\n<li><b> Finalit\u00e9s du traitement et base juridique<\/b><\/li>\n<\/ol>\n<p>\u00a0<\/p>\n<p><b>3.1. Les donn\u00e9es \u00e0 caract\u00e8re personnel que vous nous communiquez volontairement sont r\u00e9colt\u00e9es et susceptibles d\u2019\u00eatre trait\u00e9es pour les finalit\u00e9s suivantes :<\/b><\/p>\n<p>\u00a0<\/p>\n<p><span style=\"font-weight: 400;\">R\u00e9alisation d\u2019un devis pour la personne int\u00e9ress\u00e9e : le traitement de ces donn\u00e9es est n\u00e9cessaire \u00e0 la prise en compte de votre demande de devis, \u00e0 la gestion des demandes d\u2019exercice des droits de la personne concern\u00e9e et dans le but de respecter nos obligations l\u00e9gales et r\u00e9glementaires.<\/span><\/p>\n<p><span style=\"font-weight: 400;\">R\u00e9alisation d\u2019actions publicitaires d\u2019entreprises tierces, d\u2019\u00e9tudes et sondages de la part de la soci\u00e9t\u00e9 Aka Medias : \u00e0 cet effet, les donn\u00e9es des personnes concern\u00e9es devront \u00eatre soumises \u00e0 des op\u00e9rations de normalisation, d\u00e9duplication, filtrage et v\u00e9rification. La publicit\u00e9 de tiers sera envoy\u00e9e par la soci\u00e9t\u00e9 Aka Medias. Ce traitement est facultatif et ne s\u2019applique que si vous acceptez express\u00e9ment de recevoir les offres commerciales de la part de Aka Medias.<\/span><\/p>\n<p><span style=\"font-weight: 400;\">Transmission des donn\u00e9es aux partenaires dans le but de r\u00e9aliser des op\u00e9rations de sollicitation commerciale et de t\u00e9l\u00e9marketing dans divers secteurs d\u2019activit\u00e9s : \u00e0 cet effet, les donn\u00e9es des personnes concern\u00e9es seront n\u00e9cessairement soumises \u00e0 des op\u00e9rations de normalisation, d\u00e9duplication, filtrage, v\u00e9rification et pourront \u00eatre utilis\u00e9es pour des fonctionnalit\u00e9s de ciblage et d\u2019analyse. La publicit\u00e9 sera envoy\u00e9e par des entreprises tierces. Ce traitement est facultatif et ne s\u2019applique que si vous acceptez express\u00e9ment de recevoir les offres des partenaires et que vos donn\u00e9es leur soient transmises.<\/span><\/p>\n<p><span style=\"font-weight: 400;\">Les actions publicitaires envoy\u00e9es aussi bien par la soci\u00e9t\u00e9 Aka Medias que par des entreprises tierces pourront \u00eatre r\u00e9alis\u00e9es par les canaux suivants : courrier \u00e9lectronique, courrier postal, appels t\u00e9l\u00e9phoniques, envoi de messages SMS et\/ou MMS, ou n\u2019importe quel moyen de communication analogue.<\/span><\/p>\n<p>\u00a0<\/p>\n<p><span style=\"font-weight: 400;\">Gestion des demandes de droit d\u2019acc\u00e8s, de rectification, d\u2019effacement, d\u2019opposition et de portabilit\u00e9.<\/span><\/p>\n<p><span style=\"font-weight: 400;\">Justification en cas de litige et respect de nos obligations l\u00e9gales et r\u00e9glementaires.<\/span><\/p>\n<p><br \/><br \/><br \/><br \/><\/p>\n<p><b>3.2. La justification du traitement de vos donn\u00e9es concernant les finalit\u00e9s \u00e9num\u00e9r\u00e9es \u00e0 l\u2019article 3.1 repose sur :<\/b><\/p>\n<p>\u00a0<\/p>\n<p><span style=\"font-weight: 400;\">Pour la r\u00e9alisation du devis pour la personne int\u00e9ress\u00e9e : le consentement de la personne concern\u00e9e.<\/span><\/p>\n<p><span style=\"font-weight: 400;\">Pour la r\u00e9alisation d\u2019actions publicitaires d\u2019entreprises tierces et les \u00e9tudes et sondages de la part de la soci\u00e9t\u00e9 Aka Medias : le consentement de la personne concern\u00e9e.<\/span><\/p>\n<p><span style=\"font-weight: 400;\">Pour la transmission des donn\u00e9es \u00e0 des entreprises tierces dans le but de r\u00e9aliser des actions publicitaires : le consentement de la personne concern\u00e9e.<\/span><\/p>\n<p><span style=\"font-weight: 400;\">La gestion des droits : l\u2019obligation l\u00e9gale<\/span><\/p>\n<p><span style=\"font-weight: 400;\">La justification du respect de nos obligations l\u00e9gales : l\u2019int\u00e9r\u00eat l\u00e9gitime<\/span><\/p>\n<p><span style=\"font-weight: 400;\">Par la pr\u00e9sente Politique de confidentialit\u00e9, vous \u00eates inform\u00e9(e) des modalit\u00e9s et conditions de traitement de vos donn\u00e9es personnelles. Vous pouvez exprimer votre consentement pr\u00e9alable et expr\u00e8s \u00e0 la collecte et au traitement de vos donn\u00e9es personnelles par la soci\u00e9t\u00e9 Aka Medias en conformit\u00e9 avec les dispositions du RGPD.<\/span><\/p>\n<p>\u00a0<\/p>\n<ol start=\"4\">\n<li><b> Dur\u00e9e de conservation des donn\u00e9es<\/b><\/li>\n<\/ol>\n<p>\u00a0<\/p>\n<p><span style=\"font-weight: 400;\">Toutes les donn\u00e9es personnelles collect\u00e9es sont conserv\u00e9es pour une dur\u00e9e limit\u00e9e en fonction de la finalit\u00e9 du traitement et uniquement pour la dur\u00e9e pr\u00e9vue par la l\u00e9gislation applicable.<\/span><\/p>\n<p>\u00a0<\/p>\n<p><span style=\"font-weight: 400;\">Les donn\u00e9es personnelles recueillies pour demander un devis personnalis\u00e9 seront conserv\u00e9es pendant toute la dur\u00e9e n\u00e9cessaire \u00e0 la prestation et des \u00e9ventuelles r\u00e9clamations, soit une dur\u00e9e totale maximale de trois ans. Au terme de cette p\u00e9riode, les donn\u00e9es sont d\u00e9truites conform\u00e9ment aux mesures prescrites par la l\u00e9gislation en vigueur.<\/span><\/p>\n<p>\u00a0<\/p>\n<p><span style=\"font-weight: 400;\">Les donn\u00e9es des personnes concern\u00e9es seront conserv\u00e9es pour les besoins de nos actions commerciales et de la prospection commerciale pour lesquelles les donn\u00e9es ont \u00e9t\u00e9 collect\u00e9es jusqu\u2019\u00e0 votre demande d\u2019annulation, de limitation ou d\u2019effacement, et dans la limite de trois ans \u00e0 compter de leur collecte par le responsable de traitement ou du dernier contact \u00e9manant du prospect. A l\u2019expiration de cette p\u00e9riode, les donn\u00e9es sont d\u00e9truites conform\u00e9ment aux mesures prescrites par la l\u00e9gislation en vigueur.<\/span><\/p>\n<p>\u00a0<\/p>\n<ol start=\"5\">\n<li><b> Destinataires des donn\u00e9es personnelles<\/b><\/li>\n<\/ol>\n<p>\u00a0<\/p>\n<p><span style=\"font-weight: 400;\">La soci\u00e9t\u00e9 Aka Medias veille \u00e0 prot\u00e9ger et s\u00e9curiser les donn\u00e9es personnelles que vous avez accept\u00e9 de nous communiquer afin d\u2019emp\u00eacher qu\u2019elles ne soient divulgu\u00e9es \u00e0 des tiers non autoris\u00e9s. Toutefois, si nous y sommes l\u00e9galement oblig\u00e9s ou si une d\u00e9cision judiciaire nous l\u2019impose, nous communiquerons vos donn\u00e9es dans la mesure n\u00e9cessaire pour se conformer \u00e0 cette loi ou cette d\u00e9cision judiciaire.<\/span><\/p>\n<p>\u00a0<\/p>\n<p><span style=\"font-weight: 400;\">Les donn\u00e9es personnelles collect\u00e9es sont susceptibles d\u2019\u00eatre communiqu\u00e9es au personnel habilit\u00e9 de la soci\u00e9t\u00e9 Aka Medias, de ses partenaires commerciaux, si vous avez donn\u00e9 votre consentement expr\u00e8s, ou de ses prestataires de services annexes, dans le cadre de l\u2019accomplissement de tout ou partie des prestations.<\/span><\/p>\n<p>\u00a0<\/p>\n<p><span style=\"font-weight: 400;\">Les donn\u00e9es collect\u00e9es peuvent, le cas \u00e9ch\u00e9ant, \u00eatre transmises aux soci\u00e9t\u00e9s sous-traitantes auxquelles le responsable de traitement peut faire appel dans le cadre de l\u2019ex\u00e9cution des prestations. Le responsable de traitement assure la conformit\u00e9 avec les exigences de protection des donn\u00e9es pour toutes ses soci\u00e9t\u00e9s sous-traitantes.<\/span><\/p>\n<p>\u00a0<\/p>\n<ol start=\"6\">\n<li><b> S\u00e9curit\u00e9 et confidentialit\u00e9 des donn\u00e9es<\/b><\/li>\n<\/ol>\n<p>\u00a0<\/p>\n<p><span style=\"font-weight: 400;\">Nous mettons en \u0153uvre des mesures organisationnelles et techniques de s\u00e9curit\u00e9 destin\u00e9es \u00e0 garantir la confidentialit\u00e9 et l\u2019int\u00e9grit\u00e9 de vos donn\u00e9es \u00e0 caract\u00e8re personnel. A ce titre, les pr\u00e9cautions administratives, organisationnelles, techniques et physiques ont pour but de prot\u00e9ger vos donn\u00e9es \u00e0 caract\u00e8re personnel de la perte, du vol, de l\u2019abus d\u2019utilisation, d\u2019un acc\u00e8s non autoris\u00e9, de transmission non autoris\u00e9e, de toute modification ou destruction indue.<\/span><\/p>\n<p>\u00a0<\/p>\n<p><span style=\"font-weight: 400;\">Dans tous les cas, le responsable de traitement prendra les mesures de s\u00e9curit\u00e9 adapt\u00e9es \u00e0 la nature des donn\u00e9es collect\u00e9es.<\/span><\/p>\n<p>\u00a0<\/p>\n<p><span style=\"font-weight: 400;\">Les donn\u00e9es collect\u00e9es sont stock\u00e9es de mani\u00e8re confidentielle et prot\u00e9g\u00e9es \u00e0 un tr\u00e8s haut niveau de s\u00e9curit\u00e9. Les serveurs o\u00f9 sont stock\u00e9es ces donn\u00e9es sont conformes aux normes de s\u00e9curit\u00e9 actuellement en vigueur. Ils sont prot\u00e9g\u00e9s contre des attaques num\u00e9riques et des attaques physiques.<\/span><\/p>\n<p>\u00a0<\/p>\n<p><span style=\"font-weight: 400;\">Toutefois, malgr\u00e9 tous nos efforts, nous ne pouvons pas garantir l\u2019infaillibilit\u00e9 de cette protection en raison de risques in\u00e9vitables pouvant survenir lors de la transmission de donn\u00e9es personnelles.<\/span><\/p>\n<p>\u00a0<\/p>\n<ol start=\"7\">\n<li><b> Droits des personnes concern\u00e9es<\/b><\/li>\n<\/ol>\n<p>\u00a0<\/p>\n<p><span style=\"font-weight: 400;\">En vertu de la l\u00e9gislation en vigueur, vous disposez des droits suivants concernant vos donn\u00e9es \u00e0 caract\u00e8re personnel, lorsqu\u2019ils s\u2019appliquent :<\/span><\/p>\n<p>\u00a0<\/p>\n<p><span style=\"font-weight: 400;\">Droit d\u2019acc\u00e8s, de rectification, d\u2019effacement de vos donn\u00e9es personnelles ;<\/span><\/p>\n<p><span style=\"font-weight: 400;\">Droit \u00e0 la portabilit\u00e9 des donn\u00e9es vous concernant ;<\/span><\/p>\n<p><span style=\"font-weight: 400;\">Droit d\u2019opposition \u00e0 un traitement justifi\u00e9 par un int\u00e9r\u00eat l\u00e9gitime, ou \u00e0 la prospection ;<\/span><\/p>\n<p><span style=\"font-weight: 400;\">Droit \u00e0 la limitation du traitement des donn\u00e9es vous concernant ;<\/span><\/p>\n<p><span style=\"font-weight: 400;\">Droit de vous d\u00e9sinscrire aupr\u00e8s de notre soci\u00e9t\u00e9 et\/ou de nos partenaires ;<\/span><\/p>\n<p><span style=\"font-weight: 400;\">Droit de communiquer vos directives relatives au sort des donn\u00e9es personnelles vous concernant en cas de d\u00e9c\u00e8s.<\/span><\/p>\n<p><span style=\"font-weight: 400;\">Droit de ne pas faire l\u2019objet d\u2019une d\u00e9cision fond\u00e9e exclusivement sur un traitement automatis\u00e9, y compris le profilage, produisant des effets juridiques vous concernant ou vous affectant de mani\u00e8re significative de fa\u00e7on similaire.<\/span><\/p>\n<p><span style=\"font-weight: 400;\">Veuillez noter que nous pouvons vous demander une preuve d\u2019identit\u00e9 et que nous nous r\u00e9servons le droit d\u2019exiger le paiement de \u00ab frais raisonnables \u00bb li\u00e9s aux co\u00fbts administratifs support\u00e9s pour fournir les informations si votre demande est manifestement infond\u00e9e ou excessive. Nous nous efforcerons de r\u00e9pondre \u00e0 vos demandes dans les d\u00e9lais requis.<\/span><\/p>\n<p>\u00a0<\/p>\n<ol start=\"8\">\n<li><b> Transfert de donn\u00e9es hors Union Europ\u00e9enne<\/b><\/li>\n<\/ol>\n<p>\u00a0<\/p>\n<p><span style=\"font-weight: 400;\">Vos donn\u00e9es \u00e0 caract\u00e8re personnel sont stock\u00e9es par nos soins au sein de l\u2019Union Europ\u00e9enne.<\/span><\/p>\n<p>\u00a0<\/p>\n<p><span style=\"font-weight: 400;\">Lorsque des partenaires de la soci\u00e9t\u00e9 Aka Medias sont situ\u00e9s en dehors de l\u2019Union Europ\u00e9enne, dans ce cas, un transfert s\u00e9curis\u00e9 de donn\u00e9es est effectu\u00e9 conform\u00e9ment \u00e0 la r\u00e9glementation europ\u00e9enne en mati\u00e8re de protection des donn\u00e9es.<\/span><\/p>\n<p>\u00a0<\/p>\n<p><span style=\"font-weight: 400;\">Nous veillons \u00e0 ce que vos donn\u00e9es personnelles soient efficacement prot\u00e9g\u00e9es. Ainsi, tous les transferts s\u2019effectuent aupr\u00e8s de destinataires localis\u00e9s :<\/span><\/p>\n<p>\u00a0<\/p>\n<p><span style=\"font-weight: 400;\">dans des pays pr\u00e9sentant, selon les crit\u00e8res \u00e9tablis par la Commission europ\u00e9enne, un niveau ad\u00e9quat de protection des donn\u00e9es personnelles ; ou<\/span><\/p>\n<p><span style=\"font-weight: 400;\">dans des pays n\u2019offrant pas de protection ad\u00e9quate mais vers lesquels le transfert est encadr\u00e9 par les clauses contractuelles types \u00e9dict\u00e9es par la Commission europ\u00e9enne ou par l\u2019adoption de r\u00e8gles d\u2019entreprise contraignantes (\u00ab binding corporate rules \u00bb) ;<\/span><span style=\"font-weight: 400;\"><br \/><br \/><\/span><\/p>\n<ol start=\"9\">\n<li><b> Cookies<\/b><\/li>\n<\/ol>\n<p>\u00a0<\/p>\n<p><span style=\"font-weight: 400;\">Dans le cadre de nos pages Internet, nous pouvons utiliser ce que l\u2019on appelle des cookies. Il s\u2019agit de petits fichiers texte d\u00e9pos\u00e9s sur votre disque dur par le site internet visit\u00e9, lui permettant d\u2019enregistrer et de stocker certaines informations de votre ordinateur mais aussi sur vous.<\/span><\/p>\n<p>\u00a0<\/p>\n<p><span style=\"font-weight: 400;\">Ils sont essentiels pour le fonctionnement d\u2019internet car ils permettent la bonne communication entre deux ordinateurs. Les informations r\u00e9cup\u00e9r\u00e9es servent aussi \u00e0 faire fonctionner des applications que vous utilisez sur le site internet.<\/span><\/p>\n<p>\u00a0<\/p>\n<ol start=\"10\">\n<li><b> Liens vers d\u2019autres sites web et services<\/b><\/li>\n<\/ol>\n<p>\u00a0<\/p>\n<p><span style=\"font-weight: 400;\">Il est pr\u00e9cis\u00e9 que certains liens dans le formulaire permettent d\u2019acc\u00e9der \u00e0 des sites tiers et vous donnent acc\u00e8s \u00e0 des services tiers (comme les r\u00e9seau sociaux).<\/span><\/p>\n<p>\u00a0<\/p>\n<p><span style=\"font-weight: 400;\">Nous n\u2019avons pas de contr\u00f4le sur la mani\u00e8re dont les sites et services tiers traitent vos informations personnelles. Nous ne v\u00e9rifions pas les sites et services tiers, et nous ne sommes pas responsables de ces sites et services tiers ou de leurs pratiques en mati\u00e8re de protection de la vie priv\u00e9e. Nous vous invitons \u00e0 vous r\u00e9f\u00e9rer aux politiques de confidentialit\u00e9 ou d\u00e9claration de protection de la vie priv\u00e9e des sites ou services tiers auxquels vous acc\u00e9dez \u00e0 partir de nos sites ou services.<\/span><\/p>\n<p>\u00a0<\/p>\n<p><span style=\"font-weight: 400;\">Notre politique de confidentialit\u00e9 ne concerne que les informations collect\u00e9es sur notre site. A ce titre, la soci\u00e9t\u00e9 Aka Medias ne saurait \u00eatre responsable de l\u2019utilisation de vos donn\u00e9es sur ces autres sites.<\/span><\/p>\n<p>\u00a0<\/p>\n<ol start=\"11\">\n<li><b> Coordonn\u00e9es du DPO<\/b><\/li>\n<\/ol>\n<p>\u00a0<\/p>\n<p><span style=\"font-weight: 400;\">La soci\u00e9t\u00e9 Aka Medias a d\u00e9sign\u00e9 un Data Protection Officer (DPO) en charge du respect de la protection des donn\u00e9es :<\/span><\/p>\n<p>\u00a0<\/p>\n<p><span style=\"font-weight: 400;\">Email : dpo@akamedias.fr<\/span><\/p>\n<p>\u00a0<\/p>\n<ol start=\"12\">\n<li><b> Bloctel<\/b><\/li>\n<\/ol>\n<p>\u00a0<\/p>\n<p><span style=\"font-weight: 400;\">Lors de l\u2019inscription \u00e0 la demande de devis personnalis\u00e9 si vous autorisez la soci\u00e9t\u00e9 Aka Medias ou ses partenaires \u00e0 vous appeler par t\u00e9l\u00e9phone, cela signifie que vous acceptez de recevoir des offres de sa part ou de ses partenaires.<\/span><\/p>\n<p>\u00a0<\/p>\n<p><span style=\"font-weight: 400;\">Nous vous informons de l\u2019existence de la liste d\u2019opposition au d\u00e9marchage t\u00e9l\u00e9phonique \u00ab Bloctel \u00bb, sur laquelle vous pouvez vous inscrire ici : https:\/\/conso.bloctel.fr\/<\/span><\/p>\n<p>\u00a0<\/p>\n<ol start=\"13\">\n<li><b> Autorit\u00e9 de contr\u00f4le<\/b><\/li>\n<\/ol>\n<p>\u00a0<\/p>\n<p><span style=\"font-weight: 400;\">En cas de non-respect de vos droits, vous pouvez introduire une r\u00e9clamation aupr\u00e8s de la Commission Nationale de l\u2019informatique et des Libert\u00e9s.<\/span><\/p>\n<p>\u00a0<\/p>\n<ol start=\"14\">\n<li><b> Modification de la politique de confidentialit\u00e9<\/b><\/li>\n<\/ol>\n<p>\u00a0<\/p>\n<p><span style=\"font-weight: 400;\">La pr\u00e9sente Politique de confidentialit\u00e9 peut \u00eatre mise \u00e0 jour \u00e0 tout moment, notamment en application des changements apport\u00e9s aux lois et r\u00e9glementations en vigueur. Nous vous invitons par cons\u00e9quent \u00e0 prendre r\u00e9guli\u00e8rement connaissance des mises \u00e0 jour.<\/span><\/p>\n<p><br \/><br \/><br \/><\/p>\t\t\t\t\t\t<\/div>\n\t\t\t\t<\/div>\n\t\t\t\t\t<\/div>\n\t\t\t\t<\/div>\n\t\t\t\t<\/div>\n\t\t","protected":false},"excerpt":{"rendered":"<p>Politique de confidentialit\u00e9 Le site alarmehome.fr est la propri\u00e9t\u00e9 intellectuelle de la soci\u00e9t\u00e9 Aka Medias. \u00a0 La soci\u00e9t\u00e9 Aka Medias accorde une grande importance \u00e0 la confidentialit\u00e9 et \u00e0 la protection des donn\u00e9es. Dans le cadre de formulaire de devis personnalis\u00e9 la soci\u00e9t\u00e9 Aka Medias recueille des donn\u00e9es \u00e0 caract\u00e8re personnel vous concernant dans un [&hellip;]<\/p>\n","protected":false},"author":1,"featured_media":0,"parent":0,"menu_order":0,"comment_status":"closed","ping_status":"open","template":"elementor_canvas","meta":{"footnotes":""},"_links":{"self":[{"href":"https:\/\/alarmehome.fr\/index.php\/wp-json\/wp\/v2\/pages\/3"}],"collection":[{"href":"https:\/\/alarmehome.fr\/index.php\/wp-json\/wp\/v2\/pages"}],"about":[{"href":"https:\/\/alarmehome.fr\/index.php\/wp-json\/wp\/v2\/types\/page"}],"author":[{"embeddable":true,"href":"https:\/\/alarmehome.fr\/index.php\/wp-json\/wp\/v2\/users\/1"}],"replies":[{"embeddable":true,"href":"https:\/\/alarmehome.fr\/index.php\/wp-json\/wp\/v2\/comments?post=3"}],"version-history":[{"count":3,"href":"https:\/\/alarmehome.fr\/index.php\/wp-json\/wp\/v2\/pages\/3\/revisions"}],"predecessor-version":[{"id":53,"href":"https:\/\/alarmehome.fr\/index.php\/wp-json\/wp\/v2\/pages\/3\/revisions\/53"}],"wp:attachment":[{"href":"https:\/\/alarmehome.fr\/index.php\/wp-json\/wp\/v2\/media?parent=3"}],"curies":[{"name":"wp","href":"https:\/\/api.w.org\/{rel}","templated":true}]}}